{"id":1252,"date":"2023-09-14T02:03:45","date_gmt":"2023-09-14T02:03:45","guid":{"rendered":"https:\/\/the-thousand.com\/?page_id=1252"},"modified":"2024-11-27T23:41:33","modified_gmt":"2024-11-27T23:41:33","slug":"what-to-expect","status":"publish","type":"page","link":"https:\/\/the-thousand.com\/vn\/what-to-expect\/","title":{"rendered":"C\u1ea7n mong ch\u1edd nh\u1eefng g\u00ec"},"content":{"rendered":"<h1>C\u1ea7n mong ch\u1edd nh\u1eefng g\u00ec<\/h1>\n<p><strong>Th\u1eddi kh\u00f3a bi\u1ec3u t\u1ed5ng qu\u00e1t cho Xu\u1ea5t Gia V\u1ecb Tha:\u00a0<\/strong><\/p>\n<ul>\n<li>Ng\u00e0y c\u1ea1o t\u00f3c ng\u00e0y 9 th\u00e1ng 4 t\u1eeb 8 gi\u1edd s\u00e1ng \u0111\u1ebfn 4 gi\u1edd chi\u1ec1u\u00a0<\/li>\n<li>Ch\u01b0\u01a1ng tr\u00ecnh XGVT t\u1ea1i tr\u1ea1i b\u1eaft \u0111\u1ea7u t\u1eeb Th\u1ee9 N\u0103m ng\u00e0y 10 th\u00e1ng 4 l\u00fac 10 gi\u1edd s\u00e1ng \u0111\u1ebfn tr\u01b0a ng\u00e0y 17 th\u00e1ng 4\u00a0<\/li>\n<li>Ch\u01b0\u01a1ng tr\u00ecnh XGVT \u1edf Ph\u00e1p H\u1ed9i t\u1eeb ng\u00e0y 17 th\u00e1ng 4 \u0111\u1ebfn 20 th\u00e1ng 4 (nh\u1eefng v\u1ecb \u1edf xa c\u00f3 th\u1ec3 \u0111\u1eb7t th\u00eam ng\u00e0y \u1edf kh\u00e1ch s\u1ea1n n\u1ebfu c\u1ea7n)\u00a0<\/li>\n<li>Ch\u01b0\u01a1ng tr\u00ecnh h\u00e0ng ng\u00e0y b\u1eaft \u0111\u1ea7u l\u00fac 5 gi\u1edd s\u00e1ng v\u00e0 k\u00e9o d\u00e0i \u0111\u1ebfn 9 gi\u1edd t\u1ed1i, v\u1edbi 2 gi\u1edd ngh\u1ec9 ng\u01a1i v\u00e0o bu\u1ed5i tr\u01b0a\u00a0<\/li>\n<\/ul>\n<p><strong>Th\u1eddi kh\u00f3a bi\u1ec3u t\u1ed5ng qu\u00e1t cho B\u1ed3 T\u00e1t H\u1ed9 Ph\u00e1p:\u00a0<\/strong><\/p>\n<ul>\n<li>Ng\u00e0y c\u1ea1o t\u00f3c ng\u00e0y 9 th\u00e1ng 4 t\u1eeb 8 gi\u1edd s\u00e1ng \u0111\u1ebfn 4 gi\u1edd chi\u1ec1u<\/li>\n<li>Ch\u01b0\u01a1ng tr\u00ecnh XGVT t\u1ea1i tr\u1ea1i b\u1eaft \u0111\u1ea7u t\u1eeb Th\u1ee9 N\u0103m ng\u00e0y 10 th\u00e1ng 4 l\u00fac 10 gi\u1edd s\u00e1ng \u0111\u1ebfn tr\u01b0a ng\u00e0y 17 th\u00e1ng 4<\/li>\n<li>Ch\u01b0\u01a1ng tr\u00ecnh XGVT \u1edf Ph\u00e1p H\u1ed9i t\u1eeb ng\u00e0y 17 th\u00e1ng 4 \u0111\u1ebfn 21 th\u00e1ng 4 (nh\u1eefng v\u1ecb \u1edf xa c\u00f3 th\u1ec3 \u0111\u1eb7t th\u00eam ng\u00e0y \u1edf kh\u00e1ch s\u1ea1n n\u1ebfu c\u1ea7n)<\/li>\n<li>BTHP t\u00ecnh nguy\u1ec7n t\u1eeb 5 gi\u1edd s\u00e1ng \u0111\u1ebfn 9 gi\u1edd t\u1ed1i trong h\u1ea7u h\u1ebft c\u00e1c ng\u00e0y v\u00e0 c\u00f3 2 gi\u1edd ngh\u1ec9 ng\u01a1i v\u00e0o bu\u1ed5i tr\u01b0a<\/li>\n<\/ul>\n<h2>Resources:<\/h2>\n<ul>\n<li>Phi\u1ebfu \u0111\u1eb7t h\u00e0ng (B\u1ed9 thi\u1ec1n x\u00e1m, \u00e1o tr\u00e0ng xanh, Ph\u00e1p B\u1ea3o, th\u00eam ng\u00e0y \u1edf t\u1ea1i hotel Clarion, vv..)<\/li>\n<li><a href=\"https:\/\/the-thousand.com\/vn\/mantras\/\">Th\u1ea7n Ch\u00fa<\/a><\/li>\n<li><a href=\"https:\/\/the-thousand.com\/vn\/y-nghia-xuat-gia-vi-tha\/\">Nh\u1eadp M\u00f4n<\/a><\/li>\n<li><a href=\"https:\/\/the-thousand.com\/vn\/#Contact-Us\">Li\u00ean L\u1ea1c<\/a><\/li>\n<\/ul>\n<p><strong>Ghi danh s\u1edbm<\/strong><br \/>N\u1ebfu \u0111\u00f3ng s\u1edbm tr\u01b0\u1edbc ng\u00e0y 19 th\u00e1ng 1, 2025<br \/>Gi\u00e1: $1000<\/p>\n<p><strong>Ghi danh th\u01b0\u1eddng<\/strong><br \/>K\u1ec3 t\u1eeb ng\u00e0y 20 th\u00e1ng 1, 2025 tr\u1edf \u0111i<br \/>Gi\u00e1: $1200<\/p>\n<p><strong>Vi\u1ebft chi phi\u1ebfu d\u01b0\u1edbi t\u00ean:<\/strong> CSS<\/p>\n<p><strong>\u0110\u1ecba ch\u1ec9:<\/strong> PO Box 18794, Anaheim, CA 92817<\/p>\n<p><strong>L\u1ec7 ph\u00ed bao g\u1ed3m:<\/strong><br \/>\u2022 Bus transport up to Pine Summit Camp on 04\/10\/2025<br \/>\u2022 Bus transport down from Pine Summit Camp on 04\/17\/2025<br \/>\u2022 B\u1eefa \u0103n h\u00e0ng ng\u00e0y<br \/>\u2022 Ch\u1ed7 \u1edf t\u1ea1i tr\u1ea1i Pine Summit (7 \u0111\u00eam)<br \/>\u2022 Ch\u1ed7 \u1edf c\u1eadn Anaheim Convention Center (kh\u00e1ch s\u1ea1n Clarion; 4 \u0111\u00eam)<\/p>\n<p>Register here to join our Sangha 2025!<\/p>\n<p>\t\t\t\t\t<a href=\"https:\/\/the-thousand.com\/vn\/2025-registration\/\"><br \/>\n\t\t\t\t\t\t\t\t\tGhi Danh<br \/>\n\t\t\t\t\t<\/a><\/p>\n<p>T\u00ecm hi\u1ec3u th\u00eam v\u1ec1 Th\u1eddi Kh\u00f3a Bi\u1ec3u t\u1ed5ng qu\u00e1t<\/p>\n<p>\t\t\t\t\t<a href=\"https:\/\/the-thousand.com\/vn\/schedule-2025\/\"><br \/>\n\t\t\t\t\t\t\t\t\tTh\u1eddi Kh\u00f3a Bi\u1ec3u<br \/>\n\t\t\t\t\t<\/a><\/p>\n<p>Hi\u1ec3u bi\u1ebft th\u00eam v\u1ec1 T\u0103ng \u0110o\u00e0n V\u1ecb Tha<\/p>\n<p>\t\t\t\t\t<a href=\"https:\/\/the-thousand.com\/vn\/\"><br \/>\n\t\t\t\t\t\t\t\t\tCh\u01b0\u01a1ng Tr\u00ecnh<br \/>\n\t\t\t\t\t<\/a><\/p>","protected":false},"excerpt":{"rendered":"<p>What to Expect General schedule for Altruistic Sangha:\u00a0 Hair-shaving day on April 09th from 8am &#8211; 4pm\u00a0 Altruistic Sangha program at camp is from Thursday, April 10 at 10am thru April 17th at noon.\u00a0 Altruistic Sangha program at World Peace Gathering from April 17th thru 20th (extra nights at hotel option is available for out-of [&hellip;]<\/p>","protected":false},"author":1,"featured_media":0,"parent":0,"menu_order":0,"comment_status":"closed","ping_status":"closed","template":"","meta":{"footnotes":""},"class_list":["post-1252","page","type-page","status-publish","hentry"],"_links":{"self":[{"href":"https:\/\/the-thousand.com\/vn\/wp-json\/wp\/v2\/pages\/1252","targetHints":{"allow":["GET"]}}],"collection":[{"href":"https:\/\/the-thousand.com\/vn\/wp-json\/wp\/v2\/pages"}],"about":[{"href":"https:\/\/the-thousand.com\/vn\/wp-json\/wp\/v2\/types\/page"}],"author":[{"embeddable":true,"href":"https:\/\/the-thousand.com\/vn\/wp-json\/wp\/v2\/users\/1"}],"replies":[{"embeddable":true,"href":"https:\/\/the-thousand.com\/vn\/wp-json\/wp\/v2\/comments?post=1252"}],"version-history":[{"count":61,"href":"https:\/\/the-thousand.com\/vn\/wp-json\/wp\/v2\/pages\/1252\/revisions"}],"predecessor-version":[{"id":2162,"href":"https:\/\/the-thousand.com\/vn\/wp-json\/wp\/v2\/pages\/1252\/revisions\/2162"}],"wp:attachment":[{"href":"https:\/\/the-thousand.com\/vn\/wp-json\/wp\/v2\/media?parent=1252"}],"curies":[{"name":"wp","href":"https:\/\/api.w.org\/{rel}","templated":true}]}}