{"id":1266,"date":"2024-08-12T03:56:32","date_gmt":"2024-08-12T03:56:32","guid":{"rendered":"https:\/\/the-thousand.com\/?page_id=1266"},"modified":"2024-11-27T23:44:19","modified_gmt":"2024-11-27T23:44:19","slug":"schedule-2025","status":"publish","type":"page","link":"https:\/\/the-thousand.com\/vn\/schedule-2025\/","title":{"rendered":"Schedule 2025"},"content":{"rendered":"<h1>Th\u1eddi Kh\u00f3a Bi\u1ec3u T\u1ed5ng Qu\u00e1t<\/h1>\t\t\n\t\t<p>\u0110\u00e2y l\u00e0 th\u1eddi kh\u00f3a  bi\u1ec3u chung cho c\u1ea3  hai ch\u01b0\u01a1ng tr\u00ecnh Xu\u1ea5t Gia V\u1ecb Tha (XGVT) v\u00e0 B\u1ed3 T\u00e1t H\u1ed9 Ph\u00e1p(BTHP).  C\u00e1c chi ti\u1ebft b\u1ed5 sung s\u1ebd \u0111\u01b0\u1ee3c th\u1ea3o lu\u1eadn sau khi ho\u00e0n t\u1ea5t ghi danh.<\/p><p><\/p>\n<table>\n<tbody>\n<tr>\n<td><strong>04\/09\/2025<\/strong><\/td>\n<td>Ng\u00e0y xu\u1ed1ng t\u00f3c!  Xin \u0111\u1ebfn xu\u1ed1ng t\u00f3c b\u1edfi Th\u1ea7y H\u1eb1ng Tr\u01b0\u1eddng &amp; Th\u1ea7y H\u1eb1ng \u0110\u1ee9c b\u1ea5t c\u1ee9 l\u00fac n\u00e0o t\u1eeb 8 gi\u1edd s\u00e1ng - 4 gi\u1edd chi\u1ec1u.&nbsp;<\/td>\n<\/tr>\n<tr>\n<td><strong>04\/10\/2025<\/strong><\/td>\n<td>Ng\u01b0\u1eddi XGVT s\u1ebd d\u1ef1 l\u1ec5 th\u1ecd gi\u1edbi nh\u01b0 m\u1ed9t v\u1ecb T\u0103ng\/Ni (ho\u1eb7c B\u1ed3 T\u00e1t) \u0111\u1ec3 ch\u00ednh th\u1ee9c \u0111\u00e1nh d\u1ea5u s\u1ef1 b\u1eaft \u0111\u1ea7u c\u1ee7a kh\u00f3a tu.<\/td>\n<\/tr>\n<tr>\n<td><strong>04\/10\/2025-04\/17\/2025<\/strong><\/td>\n<td>The Altruistic Sangha program runs 7-days at Big Bear Lake.&nbsp;<\/td>\n<\/tr>\n<tr>\n<td><strong>04\/17\/2025-04\/20\/2025<\/strong><\/td>\n<td>V\u00e0o 3 ng\u00e0y Ph\u00e1p H\u1ed9i, t\u0103ng \u0111o\u00e0n XGVT s\u1ebd \u1edf kh\u00e1ch s\u1ea1n Clarion - c\u00e1ch convention center 5 ph\u00fat \u0111i b\u1ed9 (nh\u1eefng v\u1ecb ngo\u00e0i \u0111\u1ecba ph\u01b0\u01a1ng c\u00f3 th\u1ec3 \u0111\u1eb7t th\u00eam ng\u00e0y \u1edf kh\u00e1ch s\u1ea1n n\u1ebfu c\u1ea7n).&nbsp;<\/td>\n<\/tr>\n<tr>\n<td><strong>04\/21\/2025<\/strong><\/td>\n<td>Nghi l\u1ec5 ho\u00e0n gi\u1edbi \u0111\u1ec3 ch\u00ednh th\u1ee9c \u0111\u00e1nh d\u1ea5u k\u1ebft th\u00fac ch\u01b0\u01a1ng tr\u00ecnh Xu\u1ea5t Gia V\u1ecb Tha n\u0103m 2025  C\u00e1c th\u00e0nh vi\u00ean trong t\u0103ng \u0111o\u00e0n v\u00e0 c\u1ee7a ch\u01b0\u01a1ng tr\u00ecnh B\u1ed3 T\u00e1t H\u1ed9 Ph\u00e1p c\u00f3 th\u1ec3 t\u00ecnh nguy\u1ec7n trong vi\u1ec7c gi\u00fap d\u1ecdn d\u1eb9p h\u1ed9i tr\u01b0\u1eddng sau khi l\u1ec5 ho\u00e0n gi\u1edbi ch\u1ea5m d\u1ee9t.<\/td>\n<\/tr>\n<\/tbody>\n<\/table>\n<p><\/p><p>Register here to join our Sangha 2025!<\/p>\t\t\n\t\t\t\t\t<a href=\"https:\/\/the-thousand.com\/vn\/2025-registration\/\">\n\t\t\t\t\t\t\t\t\tGhi Danh\n\t\t\t\t\t<\/a>\n\t\tHi\u1ec3u bi\u1ebft th\u00eam v\u1ec1 T\u0103ng \u0110o\u00e0n V\u1ecb Tha\t\t\n\t\t\t\t\t<a href=\"https:\/\/the-thousand.com\/vn\/\">\n\t\t\t\t\t\t\t\t\tCh\u01b0\u01a1ng Tr\u00ecnh\n\t\t\t\t\t<\/a>\n\t\tC\u1ea7n mong ch\u1edd nh\u1eefng g\u00ec?  L\u00e0m th\u1ebf n\u00e0o \u0111\u1ec3 chu\u1ea9n b\u1ecb?\t\t\n\t\t\t\t\t<a href=\"https:\/\/the-thousand.com\/vn\/what-to-expect\/\">\n\t\t\t\t\t\t\t\t\tT\u00e0i Nguy\u00ean\n\t\t\t\t\t<\/a>","protected":false},"excerpt":{"rendered":"<p>General Schedule This is general schedule for both the Altruistic Sangha Program and the Bodhisattva Sangha Support (BSS) Program. Additional details will be discussed after registration is complete. 04\/09\/2025 Hair-shaving day to prepare your! Come receive your shaving by Thay Hang Truong &amp; Thay Hang Duc. Anytime from 8am &#8211; 4pm.&nbsp; 04\/10\/2025 Participants will partake [&hellip;]<\/p>","protected":false},"author":7,"featured_media":0,"parent":0,"menu_order":0,"comment_status":"closed","ping_status":"closed","template":"","meta":{"footnotes":""},"class_list":["post-1266","page","type-page","status-publish","hentry"],"_links":{"self":[{"href":"https:\/\/the-thousand.com\/vn\/wp-json\/wp\/v2\/pages\/1266","targetHints":{"allow":["GET"]}}],"collection":[{"href":"https:\/\/the-thousand.com\/vn\/wp-json\/wp\/v2\/pages"}],"about":[{"href":"https:\/\/the-thousand.com\/vn\/wp-json\/wp\/v2\/types\/page"}],"author":[{"embeddable":true,"href":"https:\/\/the-thousand.com\/vn\/wp-json\/wp\/v2\/users\/7"}],"replies":[{"embeddable":true,"href":"https:\/\/the-thousand.com\/vn\/wp-json\/wp\/v2\/comments?post=1266"}],"version-history":[{"count":60,"href":"https:\/\/the-thousand.com\/vn\/wp-json\/wp\/v2\/pages\/1266\/revisions"}],"predecessor-version":[{"id":2165,"href":"https:\/\/the-thousand.com\/vn\/wp-json\/wp\/v2\/pages\/1266\/revisions\/2165"}],"wp:attachment":[{"href":"https:\/\/the-thousand.com\/vn\/wp-json\/wp\/v2\/media?parent=1266"}],"curies":[{"name":"wp","href":"https:\/\/api.w.org\/{rel}","templated":true}]}}