{"id":2167,"date":"2024-12-11T02:25:06","date_gmt":"2024-12-11T02:25:06","guid":{"rendered":"https:\/\/the-thousand.com\/?page_id=2167"},"modified":"2025-10-07T04:01:07","modified_gmt":"2025-10-07T04:01:07","slug":"home","status":"publish","type":"page","link":"https:\/\/the-thousand.com\/vn\/","title":{"rendered":"HOME"},"content":{"rendered":"<div class=\"wp-block-cover alignfull has-parallax has-custom-content-position is-position-bottom-center has-aspect-ratio wp-duotone-unset-1\" style=\"margin-top:0;margin-bottom:0;padding-top:0;padding-right:var(--wp--preset--spacing--50);padding-bottom:0;padding-left:var(--wp--preset--spacing--50);min-height:637px;aspect-ratio:auto;min-height:unset;\"><div class=\"wp-block-cover__image-background wp-image-2180 has-parallax lazyload\" style=\"background-position:50% 50%;background-image:inherit\" data-bg-image=\"url(https:\/\/the-thousand.com\/wp-content\/uploads\/2024\/12\/Image-3.png)\"><\/div><span aria-hidden=\"true\" class=\"wp-block-cover__background has-background-dim-20 has-background-dim\"><\/span><div class=\"wp-block-cover__inner-container has-global-padding is-layout-constrained wp-container-core-cover-is-layout-2c955df5 wp-block-cover-is-layout-constrained\">\n<div class=\"wp-block-group alignwide has-global-padding is-content-justification-left is-layout-constrained wp-container-core-group-is-layout-12dd3699 wp-block-group-is-layout-constrained\">\n<h2 class=\"wp-block-heading has-text-align-left is-style-default has-xx-large-font-size\" style=\"border-style:none;border-width:0px;border-radius:0px\">27 TH\u00c1NG 3 \u2013 6 TH\u00c1NG 4 N\u0102M 2026<\/h2>\n\n\n\n<p class=\"has-text-align-left has-xx-large-font-size\"><strong>XU\u1ea4T GIA V\u1eca THA<\/strong><\/p>\n\n\n\n<p class=\"has-large-font-size\"><strong>THE THOUSAND ALTRUISTIC SANGHA<\/strong><\/p>\n\n\n\n<p>Trong tri\u1ebft l\u00fd Hoa Nghi\u00eam, hoa sen ng\u00e0n c\u00e1nh t\u01b0\u1ee3ng tr\u01b0ng cho s\u1ef1 th\u00e0nh t\u1ef1u c\u1ee7a t\u1ea5t c\u1ea3 H\u1ea1nh.<\/p>\n\n\n\n<p>Ho\u00e0i b\u00e3o c\u1ee7a ch\u00fang ta l\u00e0 t\u1eadp h\u1ee3p 1000 v\u1ecb c\u01b0 s\u0129 tu theo truy\u1ec1n th\u1ed1ng Ph\u1eadt gi\u00e1o s\u00e2u s\u1eafc n\u00e0y, n\u01a1i m\u1ed7i th\u00e0nh vi\u00ean t\u0103ng \u0111o\u00e0n t\u01b0\u1ee3ng tr\u01b0ng cho m\u1ed9t c\u00e1nh hoa sen.<\/p>\n<\/div>\n<\/div><\/div>\n\n\n\n<div class=\"wp-block-group alignfull is-style-section-5 has-background has-global-padding is-layout-constrained wp-block-group-is-layout-constrained is-style-section-5--2\" style=\"background-color:#231900;margin-top:0;margin-bottom:0;padding-top:var(--wp--preset--spacing--50);padding-bottom:var(--wp--preset--spacing--50)\">\n<div class=\"wp-block-columns alignwide is-layout-flex wp-container-core-columns-is-layout-7ee84d44 wp-block-columns-is-layout-flex\">\n<div class=\"wp-block-column is-vertically-aligned-center is-layout-flow wp-block-column-is-layout-flow\" style=\"flex-basis:50%\">\n<figure class=\"wp-block-image size-full is-style-default wp-duotone-231900-rgb183183183-3\"><img decoding=\"async\" width=\"1920\" height=\"1080\" data-src=\"https:\/\/the-thousand.com\/wp-content\/uploads\/2024\/12\/Image-1.png\" alt=\"\" class=\"wp-image-2171 lazyload\" style=\"--smush-placeholder-width: 1920px; --smush-placeholder-aspect-ratio: 1920\/1080;aspect-ratio:1;object-fit:cover\" data-srcset=\"https:\/\/the-thousand.com\/wp-content\/uploads\/2024\/12\/Image-1.png 1920w, https:\/\/the-thousand.com\/wp-content\/uploads\/2024\/12\/Image-1-300x169.png 300w, https:\/\/the-thousand.com\/wp-content\/uploads\/2024\/12\/Image-1-1024x576.png 1024w, https:\/\/the-thousand.com\/wp-content\/uploads\/2024\/12\/Image-1-768x432.png 768w, https:\/\/the-thousand.com\/wp-content\/uploads\/2024\/12\/Image-1-1536x864.png 1536w, https:\/\/the-thousand.com\/wp-content\/uploads\/2024\/12\/Image-1-18x10.png 18w\" data-sizes=\"(max-width: 1920px) 100vw, 1920px\" src=\"data:image\/svg+xml;base64,PHN2ZyB3aWR0aD0iMSIgaGVpZ2h0PSIxIiB4bWxucz0iaHR0cDovL3d3dy53My5vcmcvMjAwMC9zdmciPjwvc3ZnPg==\" \/><\/figure>\n<\/div>\n\n\n\n<div class=\"wp-block-column is-vertically-aligned-center is-layout-flow wp-block-column-is-layout-flow\" style=\"flex-basis:50%\">\n<h2 class=\"wp-block-heading\">Xu\u1ea5t Gia V\u1ecb Tha<\/h2>\n\n\n\n<div class=\"wp-block-group has-global-padding is-layout-constrained wp-container-core-group-is-layout-57be2cde wp-block-group-is-layout-constrained\" style=\"margin-top:0;margin-bottom:0;padding-top:var(--wp--preset--spacing--40);padding-bottom:var(--wp--preset--spacing--40)\">\n<p class=\"has-medium-font-size\">V\u00e0o n\u0103m 2005, ch\u01b0\u01a1ng tr\u00ecnh Xu\u1ea5t Gia V\u1ecb Tha (XGVT) l\u00fac b\u1ea5y gi\u1edd ch\u1ec9 c\u00f3 20 v\u1ecb tham gia.  Chuy\u1ec3n nhanh cho \u0111\u1ebfn ng\u00e0y nay, ch\u00fang ta c\u00f3 t\u1edbi h\u01a1n 250 v\u1ecb xu\u1ea5t gia v\u1ecb tha!  Ch\u01b0\u01a1ng tr\u00ecnh k\u00e9o d\u00e0i 10 ng\u00e0y t\u00ednh lu\u00f4n 3 ng\u00e0y Ph\u00e1p H\u1ed9i v\u00e0 ch\u00fa tr\u1ecdng v\u00e0o 3 \u0111i\u1ec3m ch\u00ednh nh\u01b0 sau:<\/p>\n\n\n\n<p class=\"has-medium-font-size\">Ti\u1ebfp n\u1ed1i truy\u1ec1n th\u1ed1ng v\u00e0 l\u00fd t\u01b0\u1edfng xu\u1ea5t gia c\u1ee7a Ph\u1eadt gi\u00e1o.  \u0110\u00e2y l\u00e0 ph\u01b0\u01a1ng ph\u00e1p tu t\u1eadp \u0111\u01b0\u1ee3c \u0111\u00e1nh gi\u00e1 cao b\u1edfi \u0110\u1ee9c Ph\u1eadt.<br>M\u1ed7i v\u1ecb xu\u1ea5t gia \u0111\u1ec1u c\u1ed1ng hi\u1ebfn s\u1ef1 tu h\u00e0nh t\u00e2m linh c\u1ee7a m\u00ecnh cho ng\u01b0\u1eddi kh\u00e1c, kh\u00f4ng ph\u1ea3i \u0111\u1ec3 \u0111\u1ea1t \u0111\u01b0\u1ee3c ph\u01b0\u1edbc l\u00e0nh v\u00e0 l\u1ee3i \u00edch c\u00e1 nh\u00e2n cho ri\u00eang m\u00ecnh.<br>T\u1ea1o \u0111i\u1ec1u ki\u1ec7n thu\u1eadn l\u1ee3i cho nh\u1eefng ng\u01b0\u1eddi tham gia Ph\u00e1p H\u1ed9i \u0111\u1ea1t \u0111\u01b0\u1ee3c \u0111\u1ecbnh l\u1ef1c v\u00e0 x\u00e2y d\u1ef1ng s\u1ee9c m\u1ea1nh c\u1ed9ng h\u01b0\u1edfng cho M\u1ea1n \u0110\u00e0 La.<\/p>\n<\/div>\n\n\n\n<div class=\"wp-block-buttons is-content-justification-right is-layout-flex wp-container-core-buttons-is-layout-d445cf74 wp-block-buttons-is-layout-flex\">\n<div class=\"wp-block-button\"><a class=\"wp-block-button__link wp-element-button\" href=\"https:\/\/forms.gle\/Q9RhhmM7qzsidWNH7\">Ghi Danh<\/a><\/div>\n<\/div>\n<\/div>\n<\/div>\n<\/div>\n\n\n\n<div class=\"wp-block-group alignfull has-global-padding is-layout-constrained wp-block-group-is-layout-constrained\" style=\"min-height:0px;margin-top:0;margin-bottom:0;padding-top:0;padding-bottom:0\">\n<div class=\"wp-block-group alignwide is-layout-grid wp-container-core-group-is-layout-0310ab13 wp-block-group-is-layout-grid\" style=\"padding-top:0;padding-bottom:0\">\n<div class=\"wp-block-group is-vertical is-content-justification-stretch is-nowrap is-layout-flex wp-container-core-group-is-layout-73dd43e9 wp-block-group-is-layout-flex\">\n<div class=\"wp-block-group is-vertical is-content-justification-left is-layout-flex wp-container-core-group-is-layout-8b200e77 wp-block-group-is-layout-flex\" style=\"margin-top:0;margin-bottom:0;padding-top:var(--wp--preset--spacing--20);padding-bottom:var(--wp--preset--spacing--20)\">\n<h2 class=\"wp-block-heading has-text-color has-link-color wp-elements-bcfd35614b376c2e4ec9875840a7858d\" style=\"color:#231900\">B\u1ed3 T\u00e1t H\u1ed9 Ph\u00e1p<\/h2>\n\n\n\n<div class=\"wp-block-group has-global-padding is-layout-constrained wp-container-core-group-is-layout-1cc2c95b wp-block-group-is-layout-constrained\" style=\"margin-top:0;margin-bottom:0;padding-top:var(--wp--preset--spacing--30);padding-bottom:var(--wp--preset--spacing--30)\">\n<p class=\"is-style-text-subtitle has-text-color has-link-color has-medium-font-size wp-elements-78132d29ce4136bc4e2320f975b662a4 is-style-text-subtitle--4\" style=\"color:#231900\">K\u1ebft h\u1ee3p v\u1edbi ch\u01b0\u01a1ng tr\u00ecnh XGVT l\u00e0 ch\u01b0\u01a1ng tr\u00ecnh B\u1ed3 t\u00e1t H\u1ed9 Ph\u00e1p (BTHP) d\u00e0nh cho nh\u1eefng ai mu\u1ed1n th\u1ef1c h\u00e0nh h\u1ea1nh v\u1ecb tha b\u1eb1ng c\u00e1ch c\u1ed1ng hi\u1ebfn th\u1eddi gian c\u1ee7a m\u00ecnh l\u00e0m thi\u1ec7n nguy\u1ec7n.  H\u1ecd l\u00e0 nh\u1eefng v\u1ecb v\u1eeba tham gia tu t\u1eadp Ph\u00e1p v\u1eeba h\u1ed7 tr\u1ee3 v\u00e0 gi\u00fap \u0111\u1ee1 nh\u1eefng v\u1ecb XGVT.  Ch\u01b0\u01a1ng tr\u00ecnh n\u00e0y mang \u0111\u1ebfn m\u1ed9t c\u01a1 h\u1ed9i tuy\u1ec7t v\u1eddi cho nh\u1eefng ai mu\u1ed1n n\u00e2ng cao th\u1ef1c h\u00e0nh h\u1ea1nh B\u1ed3 T\u00e1t qua s\u1ef1 ph\u1ee5ng s\u1ef1.<\/p>\n\n\n\n<p class=\"is-style-text-subtitle has-text-color has-link-color has-medium-font-size wp-elements-89457e749fb28062e4db1715c7c3543d is-style-text-subtitle--5\" style=\"color:#231900\">Nh\u00f3m BTHP g\u1ed3m c\u00e1c t\u00ecnh nguy\u1ec7n vi\u00ean c\u1ed1ng hi\u1ebfn th\u1eddi gian c\u1ee7a m\u00ecnh \u0111\u1ec3 t\u1ea1o ra m\u1ed9t m\u00f4i tr\u01b0\u1eddng tu t\u1eadp v\u00e0 th\u1ef1c h\u00e0nh.<\/p>\n<\/div>\n\n\n\n<div class=\"wp-block-buttons is-layout-flex wp-block-buttons-is-layout-flex\">\n<div class=\"wp-block-button\"><a class=\"wp-block-button__link has-background wp-element-button\" href=\"https:\/\/forms.gle\/Q9RhhmM7qzsidWNH7\" style=\"background-color:#231900\">Ghi Danh<\/a><\/div>\n<\/div>\n<\/div>\n\n\n\n<figure class=\"wp-block-image size-full is-resized\" style=\"margin-top:var(--wp--preset--spacing--30);margin-bottom:var(--wp--preset--spacing--30)\"><img decoding=\"async\" width=\"1066\" height=\"710\" data-src=\"https:\/\/the-thousand.com\/wp-content\/uploads\/2024\/12\/22609534370_35b5b58efd_k-edited.jpg\" alt=\"\" class=\"wp-image-2179 lazyload\" style=\"--smush-placeholder-width: 1066px; --smush-placeholder-aspect-ratio: 1066\/710;aspect-ratio:1.7777777777777777;object-fit:cover;width:567px;height:auto\" data-srcset=\"https:\/\/the-thousand.com\/wp-content\/uploads\/2024\/12\/22609534370_35b5b58efd_k-edited.jpg 1066w, https:\/\/the-thousand.com\/wp-content\/uploads\/2024\/12\/22609534370_35b5b58efd_k-edited-300x200.jpg 300w, https:\/\/the-thousand.com\/wp-content\/uploads\/2024\/12\/22609534370_35b5b58efd_k-edited-1024x682.jpg 1024w, https:\/\/the-thousand.com\/wp-content\/uploads\/2024\/12\/22609534370_35b5b58efd_k-edited-768x512.jpg 768w, https:\/\/the-thousand.com\/wp-content\/uploads\/2024\/12\/22609534370_35b5b58efd_k-edited-18x12.jpg 18w\" data-sizes=\"(max-width: 1066px) 100vw, 1066px\" src=\"data:image\/svg+xml;base64,PHN2ZyB3aWR0aD0iMSIgaGVpZ2h0PSIxIiB4bWxucz0iaHR0cDovL3d3dy53My5vcmcvMjAwMC9zdmciPjwvc3ZnPg==\" \/><\/figure>\n<\/div>\n\n\n\n<figure class=\"wp-block-image size-large is-style-default wp-container-content-5fd69529 wp-duotone-231900-ffffff-6\" style=\"margin-top:var(--wp--preset--spacing--60);margin-bottom:var(--wp--preset--spacing--60)\"><img decoding=\"async\" width=\"683\" height=\"1024\" data-src=\"https:\/\/the-thousand.com\/wp-content\/uploads\/2024\/12\/22771376586_a82b7b2aa3_k-683x1024.jpg\" alt=\"\" class=\"wp-image-2177 lazyload\" style=\"--smush-placeholder-width: 683px; --smush-placeholder-aspect-ratio: 683\/1024;aspect-ratio:3\/4;object-fit:cover\" data-srcset=\"https:\/\/the-thousand.com\/wp-content\/uploads\/2024\/12\/22771376586_a82b7b2aa3_k-683x1024.jpg 683w, https:\/\/the-thousand.com\/wp-content\/uploads\/2024\/12\/22771376586_a82b7b2aa3_k-200x300.jpg 200w, https:\/\/the-thousand.com\/wp-content\/uploads\/2024\/12\/22771376586_a82b7b2aa3_k-768x1152.jpg 768w, https:\/\/the-thousand.com\/wp-content\/uploads\/2024\/12\/22771376586_a82b7b2aa3_k-1024x1536.jpg 1024w, https:\/\/the-thousand.com\/wp-content\/uploads\/2024\/12\/22771376586_a82b7b2aa3_k-8x12.jpg 8w, https:\/\/the-thousand.com\/wp-content\/uploads\/2024\/12\/22771376586_a82b7b2aa3_k.jpg 1365w\" data-sizes=\"(max-width: 683px) 100vw, 683px\" src=\"data:image\/svg+xml;base64,PHN2ZyB3aWR0aD0iMSIgaGVpZ2h0PSIxIiB4bWxucz0iaHR0cDovL3d3dy53My5vcmcvMjAwMC9zdmciPjwvc3ZnPg==\" \/><\/figure>\n<\/div>\n<\/div>\n\n\n\n<div class=\"wp-block-group alignfull has-global-padding is-layout-constrained wp-container-core-group-is-layout-c160b77e wp-block-group-is-layout-constrained\" style=\"min-height:0px;margin-top:0;margin-bottom:0;padding-top:0;padding-bottom:0\">\n<div class=\"wp-block-group alignwide is-layout-flow wp-container-core-group-is-layout-0f55f37d wp-block-group-is-layout-flow\" style=\"padding-top:0;padding-bottom:0\">\n<h1 class=\"wp-block-heading has-text-align-center has-xx-large-font-size\">Nh\u1eefng C\u00e2u Th\u01b0\u1eddng H\u1ecfi<\/h1>\n\n\n\n<div class=\"wp-block-columns is-layout-flex wp-container-core-columns-is-layout-cbe57604 wp-block-columns-is-layout-flex\">\n<div class=\"wp-block-column is-layout-flow wp-block-column-is-layout-flow\">\n<div class=\"wp-block-group is-layout-flow wp-block-group-is-layout-flow\" style=\"border-top-color:var(--wp--preset--color--accent-6);border-top-width:1px;padding-top:var(--wp--preset--spacing--30);padding-bottom:var(--wp--preset--spacing--30)\">\n<h2 class=\"wp-block-heading\">T\u00f4i c\u1ea7n ph\u1ea3i c\u1ea1o \u0111\u1ea7u kh\u00f4ng?<\/h2>\n\n\n\n<p>Yes, even though the program is temporary, members of the Altruistic Sangha are required to shave their heads. Shaving one\u2019s head symbolizes letting go of attachments and embracing simplicity. It represents humility, equality, and a commitment to spiritual growth, as external appearances are set aside for inner enlightenment. This act honors tradition and initiates a journey of self-discovery and service to others.<\/p>\n<\/div>\n<\/div>\n\n\n\n<div class=\"wp-block-column is-layout-flow wp-block-column-is-layout-flow\">\n<div class=\"wp-block-group is-layout-flow wp-block-group-is-layout-flow\" style=\"border-top-color:var(--wp--preset--color--accent-6);border-top-width:1px;padding-top:var(--wp--preset--spacing--30);padding-bottom:var(--wp--preset--spacing--30)\">\n<h2 class=\"wp-block-heading\">I can\u2019t sit cross-legged for a long time. Can I sit on a chair when my legs hurt?<\/h2>\n\n\n\n<p>C\u00f3, b\u1ea1n \u0111\u01b0\u1ee3c to\u00e0n quy\u1ec1n s\u1eed d\u1ee5ng gh\u1ebf. Gh\u1ebf lu\u00f4n c\u00f3 s\u1eb5n trong kh\u00f3a tu, cho d\u00f9 l\u00fac ng\u1ed3i thi\u1ec1n, c\u00e1c bu\u1ed5i gi\u1ea3ng ph\u00e1p hay trong l\u1ec5 Mandala. Tuy nhi\u00ean, t\u1ed1t nh\u1ea5t b\u1ea1n n\u00ean ch\u1ecdn gi\u1eefa ng\u1ed3i tr\u00ean s\u00e0n nh\u00e0 ho\u1eb7c tr\u00ean gh\u1ebf tr\u01b0\u1edbc m\u1ed7i bu\u1ed5i thi\u1ec1n.<\/p>\n<\/div>\n<\/div>\n<\/div>\n\n\n\n<div class=\"wp-block-columns is-layout-flex wp-container-core-columns-is-layout-cbe57604 wp-block-columns-is-layout-flex\">\n<div class=\"wp-block-column is-layout-flow wp-block-column-is-layout-flow\">\n<div class=\"wp-block-group is-layout-flow wp-block-group-is-layout-flow\" style=\"border-top-color:var(--wp--preset--color--accent-6);border-top-width:1px;padding-top:var(--wp--preset--spacing--30);padding-bottom:var(--wp--preset--spacing--30)\">\n<h2 class=\"wp-block-heading\">T\u1ea1i sao t\u00f4i n\u00ean xu\u1ea5t gia v\u00ec ng\u01b0\u1eddi kh\u00e1c?<\/h2>\n\n\n\n<p>X\u00e3 h\u1ed9i ch\u00fang ta \u0111ang s\u1ed1ng \u0111\u01b0\u1ee3c thi\u1ebft l\u1eadp \u01b0u ti\u00ean b\u1edfi nhu c\u1ea7u sinh t\u1ed3n, th\u01b0\u1eddng d\u00e0nh ph\u1ea7n th\u01b0\u1edfng cho m\u1ecdi ng\u01b0\u1eddi qua s\u1ef1 ti\u00eau th\u1ee5 v\u00e0 s\u1edf h\u1eefu v\u1eadt ch\u1ea5t. Ch\u00fang t\u00f4i tin r\u1eb1ng m\u1ed7i ng\u01b0\u1eddi \u0111\u1ec1u t\u00ecm ki\u1ebfm \u0111i\u1ec1u g\u00ec \u0111\u00f3 v\u01b0\u1ee3t ra ngo\u00e0i b\u1ea3n th\u00e2n c\u00e1 nh\u00e2n c\u1ee7a m\u00ecnh. Do v\u1eady, chuy\u00ean t\u00e2m v\u00e0o s\u1ef1 ph\u00e1t tri\u1ec3n c\u00e1 nh\u00e2n v\u00ec l\u1ee3i \u00edch c\u1ee7a ng\u01b0\u1eddi kh\u00e1c, ch\u00fang t\u00f4i tin r\u1eb1ng ch\u00fang ta c\u00f3 th\u1ec3 m\u1edf ra ti\u1ec1m n\u0103ng th\u1ef1c s\u1ef1 c\u1ee7a m\u00ecnh.<\/p>\n<\/div>\n<\/div>\n\n\n\n<div class=\"wp-block-column is-layout-flow wp-block-column-is-layout-flow\">\n<div class=\"wp-block-group is-layout-flow wp-block-group-is-layout-flow\" style=\"border-top-color:var(--wp--preset--color--accent-6);border-top-width:1px;padding-top:var(--wp--preset--spacing--30);padding-bottom:var(--wp--preset--spacing--30)\">\n<h2 class=\"wp-block-heading\">T\u00f4i c\u00f3 th\u1ec3 \u0111i xu\u1ea5t gia cho ch\u00ednh m\u00ecnh hay ph\u1ea3i nh\u1ea5t thi\u1ebft cho m\u1ed9t ng\u01b0\u1eddi kh\u00e1c?<\/h2>\n\n\n\n<p>B\u1ea3n ch\u1ea5t c\u1ee7a xu\u1ea5t gia v\u1ecb tha l\u00e0 tu cho nh\u1eefng ng\u01b0\u1eddi kh\u00f4ng th\u1ec3 tham gia ho\u1eb7c \u0111ang g\u1eb7p kh\u00f3 kh\u0103n. Ch\u00fang t\u00f4i tin r\u1eb1ng m\u1ecdi ng\u01b0\u1eddi \u0111\u1ec1u c\u00f3 ng\u01b0\u1eddi n\u00e0o \u0111\u00f3 m\u00e0 m\u00ecnh mu\u1ed1n h\u1ed3i h\u01b0\u1edbng c\u00f4ng \u0111\u1ee9c \u0111\u1ebfn. Tuy nhi\u00ean, ch\u01b0\u01a1ng tr\u00ecnh tu t\u1eadp c\u1ee7a t\u0103ng \u0111o\u00e0n v\u1eabn cho ph\u00e9p b\u1ea1n h\u1ed3i h\u01b0\u1edbng c\u00f4ng \u0111\u1ee9c cho ch\u00ednh m\u00ecnh, \u0111\u1eb7c bi\u1ec7t l\u00e0 trong tr\u01b0\u1eddng h\u1ee3p b\u1ec7nh n\u1eb7ng, m\u00e0 ch\u00fang t\u00f4i tin r\u1eb1ng c\u00f3 li\u00ean quan \u0111\u1ebfn nghi\u1ec7p ch\u01b0\u1edbng v\u00e0 nh\u1eefng v\u1ebft th\u01b0\u01a1ng l\u00f2ng.<\/p>\n<\/div>\n<\/div>\n<\/div>\n\n\n\n<div class=\"wp-block-buttons is-content-justification-center is-layout-flex wp-container-core-buttons-is-layout-a89b3969 wp-block-buttons-is-layout-flex\">\n<div class=\"wp-block-button\"><a class=\"wp-block-button__link has-background wp-element-button\" href=\"https:\/\/the-thousand.com\/vn\/frequently-asked-questions\/\" style=\"background-color:#231900\">\u0110\u1ecdc Th\u00eam<\/a><\/div>\n<\/div>\n<\/div>\n<\/div>\n\n\n\n<div style=\"height:40px\" aria-hidden=\"true\" class=\"wp-block-spacer\"><\/div>","protected":false},"excerpt":{"rendered":"<p>Altruistic Short-Term Home-Leaving In 2005, the program started with a mere 20 participants. Fast-forward to present-day, the program annually welcomes over 250 dedicated participants to the Altruistic Sangha Program! The Altruistic Sangha Program is a 10-day monastic program as part of the World Peace Gathering that focuses on 3 main aspects: \u2022 Continuing the tradition [&hellip;]<\/p>","protected":false},"author":1,"featured_media":0,"parent":0,"menu_order":0,"comment_status":"closed","ping_status":"closed","template":"page-no-title","meta":{"footnotes":""},"class_list":["post-2167","page","type-page","status-publish","hentry"],"_links":{"self":[{"href":"https:\/\/the-thousand.com\/vn\/wp-json\/wp\/v2\/pages\/2167","targetHints":{"allow":["GET"]}}],"collection":[{"href":"https:\/\/the-thousand.com\/vn\/wp-json\/wp\/v2\/pages"}],"about":[{"href":"https:\/\/the-thousand.com\/vn\/wp-json\/wp\/v2\/types\/page"}],"author":[{"embeddable":true,"href":"https:\/\/the-thousand.com\/vn\/wp-json\/wp\/v2\/users\/1"}],"replies":[{"embeddable":true,"href":"https:\/\/the-thousand.com\/vn\/wp-json\/wp\/v2\/comments?post=2167"}],"version-history":[{"count":21,"href":"https:\/\/the-thousand.com\/vn\/wp-json\/wp\/v2\/pages\/2167\/revisions"}],"predecessor-version":[{"id":2862,"href":"https:\/\/the-thousand.com\/vn\/wp-json\/wp\/v2\/pages\/2167\/revisions\/2862"}],"wp:attachment":[{"href":"https:\/\/the-thousand.com\/vn\/wp-json\/wp\/v2\/media?parent=2167"}],"curies":[{"name":"wp","href":"https:\/\/api.w.org\/{rel}","templated":true}]}}