{"id":2426,"date":"2024-12-27T01:21:48","date_gmt":"2024-12-27T01:21:48","guid":{"rendered":"https:\/\/the-thousand.com\/?page_id=2426"},"modified":"2024-12-31T04:36:07","modified_gmt":"2024-12-31T04:36:07","slug":"frequently-asked-questions","status":"publish","type":"page","link":"https:\/\/the-thousand.com\/vn\/frequently-asked-questions\/","title":{"rendered":"Nh\u1eefng C\u00e2u Th\u01b0\u1eddng H\u1ecfi"},"content":{"rendered":"<div class=\"wp-block-group alignfull has-global-padding is-layout-constrained wp-block-group-is-layout-constrained\" style=\"margin-top:0;margin-bottom:0;padding-top:0;padding-bottom:0\">\n<div class=\"wp-block-group alignwide is-layout-flow wp-container-core-group-is-layout-f3c7fa73 wp-block-group-is-layout-flow\" style=\"padding-top:0;padding-bottom:0\">\n<div class=\"wp-block-columns is-layout-flex wp-container-core-columns-is-layout-cbe57604 wp-block-columns-is-layout-flex\">\n<div class=\"wp-block-column is-layout-flow wp-block-column-is-layout-flow\">\n<div class=\"wp-block-group is-layout-flow wp-block-group-is-layout-flow\" style=\"border-top-color:var(--wp--preset--color--accent-6);border-top-width:1px;padding-top:var(--wp--preset--spacing--30);padding-bottom:var(--wp--preset--spacing--50)\">\n<h2 class=\"wp-block-heading\">S\u1ef1 kh\u00e1c bi\u1ec7t gi\u1eefa Xu\u1ea5t Gia \u0110o\u1ea3n K\u1ef3 v\u00e0 Xu\u1ea5t Gia V\u1ecb Tha?<\/h2>\n\n\n\n<p>Xu\u1ea5t gia \u0111o\u1ea3n k\u1ef3 l\u00e0 m\u1ed9t truy\u1ec1n th\u1ed1ng cao \u0111\u1eb9p c\u1ee7a Ph\u1eadt gi\u00e1o r\u1ea5t th\u1ecbnh h\u00e0nh trong c\u00e1c qu\u1ed1c gia theo ph\u1eadt gi\u00e1o nguy\u00ean th\u1ee7y (nh\u01b0 Th\u00e1i Lan, L\u00e0o, Cam B\u1ed1t) t\u1ea1o c\u01a1 h\u1ed9i cho ng\u01b0\u1eddi ph\u1eadt t\u1eed t\u1ea1i gia \u0111\u01b0\u1ee3c xu\u1ea5t gia trong th\u1eddi gian ng\u1eafn h\u1ea1n (kho\u1ea3ng 1 \u0111\u1ebfn 2 tu\u1ea7n), cho ph\u00e9p h\u1ecd tr\u1ea3i nghi\u1ec7m \u0111\u1eddi s\u1ed1ng tu vi\u1ec7n. Ng\u01b0\u1eddi tham d\u1ef1 xu\u1ea5t gia \u0111o\u1ea3n k\u1ef3, c\u1ea3 nam l\u1eabn n\u1eef, c\u1ea1o t\u00f3c, m\u1eb7c \u00e1o tr\u00e0ng, th\u1ecd gi\u1edbi Sadi (cho nam gi\u1edbi) v\u00e0 Sadini (cho n\u1eef gi\u1edbi).<\/p>\n\n\n\n<p>Xu\u1ea5t Gia V\u1ecb Tha c\u1ee7a h\u1ed9i T\u1eeb Bi Ph\u1ee5ng S\u1ef1 c\u0169ng gi\u1ed1ng nh\u01b0 xu\u1ea5t gia \u0111o\u1ea3n k\u1ef3 nh\u01b0ng th\u00eam v\u00e0o \u0111\u00f3 l\u00e0 h\u1ed3i h\u01b0\u1edbng c\u00f4ng \u0111\u1ee9c trong su\u1ed1t th\u1eddi gian tu h\u00e0nh \u0111\u1ebfn cho m\u1ed9t ng\u01b0\u1eddi hay nhi\u1ec1u ng\u01b0\u1eddi kh\u00e1c. C\u00f3 th\u1ec3 l\u00e0 cha m\u1eb9, \u00f4ng b\u00e0, v\u1ee3 ch\u1ed3ng, con ch\u00e1u, ng\u01b0\u1eddi th\u00e2n quen, b\u1ea1n \u0111\u1ed3ng tu, hay ngay c\u1ea3 ng\u01b0\u1eddi trong c\u1ed9ng \u0111\u1ed3ng, t\u1ea5t c\u1ea3 \u0111\u1ec1u v\u00ec s\u1ef1 an b\u00ecnh c\u1ee7a th\u1ebf gi\u1edbi.<\/p>\n<\/div>\n<\/div>\n\n\n\n<div class=\"wp-block-column is-layout-flow wp-container-core-column-is-layout-92d440f1 wp-block-column-is-layout-flow\" style=\"padding-top:0;padding-bottom:0\">\n<div class=\"wp-block-group is-layout-flow wp-block-group-is-layout-flow\" style=\"border-top-color:var(--wp--preset--color--accent-6);border-top-width:1px;padding-top:var(--wp--preset--spacing--30);padding-bottom:var(--wp--preset--spacing--30)\">\n<h2 class=\"wp-block-heading\">C\u00f3 gi\u1edbi h\u1ea1n v\u1ec1 s\u1ed1 tu\u1ed5i \u0111\u1ec3 \u0111\u01b0\u1ee3c tham gia v\u00e0o t\u0103ng \u0111o\u00e0n c\u1ee7a ch\u01b0\u01a1ng tr\u00ecnh Xu\u1ea5t Gia V\u1ecb Tha kh\u00f4ng ?<\/h2>\n\n\n\n<p>Kh\u00f4ng c\u00f3 gi\u1edbi h\u1ea1n \u0111\u1ed9 tu\u1ed5i \u0111\u1ec3 tham d\u1ef1 ch\u01b0\u01a1ng tr\u00ecnh Xu\u1ea5t Gia V\u1ecb Tha. Tuy nhi\u00ean, nh\u1eefng ng\u01b0\u1eddi d\u01b0\u1edbi 21 tu\u1ed5i ph\u1ea3i c\u1ea7n c\u00f3 s\u1ef1 ch\u1ea5p thu\u1eadn c\u1ee7a cha m\u1eb9 ho\u1eb7c ng\u01b0\u1eddi gi\u00e1m h\u1ed9 h\u1ee3p ph\u00e1p. Ngo\u00e0i ra, c\u00e1c b\u00e1c cao ni\u00ean ho\u1eb7c c\u00e1c v\u1ecb khuy\u1ebft t\u1eadt ch\u1ec9 c\u00f3 th\u1ec3 tham gia khi c\u00f3 s\u1ef1 ch\u1ea5p thu\u1eadn c\u1ee7a b\u00e1c s\u0129.<\/p>\n<\/div>\n<\/div>\n<\/div>\n\n\n\n<div class=\"wp-block-columns is-layout-flex wp-container-core-columns-is-layout-cbe57604 wp-block-columns-is-layout-flex\">\n<div class=\"wp-block-column is-layout-flow wp-block-column-is-layout-flow\">\n<div class=\"wp-block-group is-layout-flow wp-block-group-is-layout-flow\" style=\"border-top-color:var(--wp--preset--color--accent-6);border-top-width:1px;padding-top:var(--wp--preset--spacing--30);padding-bottom:var(--wp--preset--spacing--30)\">\n<h2 class=\"wp-block-heading\">T\u1ea1i sao t\u00f4i n\u00ean xu\u1ea5t gia v\u00ec ng\u01b0\u1eddi kh\u00e1c?<\/h2>\n\n\n\n<p>X\u00e3 h\u1ed9i ch\u00fang ta \u0111ang s\u1ed1ng \u0111\u01b0\u1ee3c thi\u1ebft l\u1eadp \u01b0u ti\u00ean b\u1edfi nhu c\u1ea7u sinh t\u1ed3n, th\u01b0\u1eddng d\u00e0nh ph\u1ea7n th\u01b0\u1edfng cho m\u1ecdi ng\u01b0\u1eddi qua s\u1ef1 ti\u00eau th\u1ee5 v\u00e0 s\u1edf h\u1eefu v\u1eadt ch\u1ea5t. Ch\u00fang t\u00f4i tin r\u1eb1ng m\u1ed7i ng\u01b0\u1eddi \u0111\u1ec1u t\u00ecm ki\u1ebfm \u0111i\u1ec1u g\u00ec \u0111\u00f3 v\u01b0\u1ee3t ra ngo\u00e0i b\u1ea3n th\u00e2n c\u00e1 nh\u00e2n c\u1ee7a m\u00ecnh. Do v\u1eady, chuy\u00ean t\u00e2m v\u00e0o s\u1ef1 ph\u00e1t tri\u1ec3n c\u00e1 nh\u00e2n v\u00ec l\u1ee3i \u00edch c\u1ee7a ng\u01b0\u1eddi kh\u00e1c, ch\u00fang t\u00f4i tin r\u1eb1ng ch\u00fang ta c\u00f3 th\u1ec3 m\u1edf ra ti\u1ec1m n\u0103ng th\u1ef1c s\u1ef1 c\u1ee7a m\u00ecnh.<\/p>\n<\/div>\n<\/div>\n\n\n\n<div class=\"wp-block-column is-layout-flow wp-block-column-is-layout-flow\">\n<div class=\"wp-block-group is-layout-flow wp-block-group-is-layout-flow\" style=\"border-top-color:var(--wp--preset--color--accent-6);border-top-width:1px;padding-top:var(--wp--preset--spacing--30);padding-bottom:var(--wp--preset--spacing--50)\">\n<h2 class=\"wp-block-heading\">T\u00f4i c\u00f3 th\u1ec3 \u0111i xu\u1ea5t gia cho ch\u00ednh m\u00ecnh hay ph\u1ea3i nh\u1ea5t thi\u1ebft cho m\u1ed9t ng\u01b0\u1eddi kh\u00e1c?<\/h2>\n\n\n\n<p>B\u1ea3n ch\u1ea5t c\u1ee7a xu\u1ea5t gia v\u1ecb tha l\u00e0 tu cho nh\u1eefng ng\u01b0\u1eddi kh\u00f4ng th\u1ec3 tham gia ho\u1eb7c \u0111ang g\u1eb7p kh\u00f3 kh\u0103n. Ch\u00fang t\u00f4i tin r\u1eb1ng m\u1ecdi ng\u01b0\u1eddi \u0111\u1ec1u c\u00f3 ng\u01b0\u1eddi n\u00e0o \u0111\u00f3 m\u00e0 m\u00ecnh mu\u1ed1n h\u1ed3i h\u01b0\u1edbng c\u00f4ng \u0111\u1ee9c \u0111\u1ebfn. Tuy nhi\u00ean, ch\u01b0\u01a1ng tr\u00ecnh tu t\u1eadp c\u1ee7a t\u0103ng \u0111o\u00e0n v\u1eabn cho ph\u00e9p b\u1ea1n h\u1ed3i h\u01b0\u1edbng c\u00f4ng \u0111\u1ee9c cho ch\u00ednh m\u00ecnh, \u0111\u1eb7c bi\u1ec7t l\u00e0 trong tr\u01b0\u1eddng h\u1ee3p b\u1ec7nh n\u1eb7ng, m\u00e0 ch\u00fang t\u00f4i tin r\u1eb1ng c\u00f3 li\u00ean quan \u0111\u1ebfn nghi\u1ec7p ch\u01b0\u1edbng v\u00e0 nh\u1eefng v\u1ebft th\u01b0\u01a1ng l\u00f2ng.<\/p>\n<\/div>\n<\/div>\n<\/div>\n<\/div>\n<\/div>\n\n\n\n<div class=\"wp-block-group alignfull has-global-padding is-layout-constrained wp-block-group-is-layout-constrained\" style=\"margin-top:0;margin-bottom:0;padding-top:0;padding-bottom:0\">\n<div class=\"wp-block-group alignwide is-layout-flow wp-container-core-group-is-layout-0f55f37d wp-block-group-is-layout-flow\" style=\"padding-top:0;padding-bottom:0\">\n<div class=\"wp-block-columns is-layout-flex wp-container-core-columns-is-layout-cbe57604 wp-block-columns-is-layout-flex\">\n<div class=\"wp-block-column is-layout-flow wp-block-column-is-layout-flow\">\n<div class=\"wp-block-group is-layout-flow wp-block-group-is-layout-flow\" style=\"border-top-color:var(--wp--preset--color--accent-6);border-top-width:1px;padding-top:var(--wp--preset--spacing--30);padding-bottom:var(--wp--preset--spacing--30)\">\n<h2 class=\"wp-block-heading\">S\u1ef1 sinh ho\u1ea1t m\u1ed7i ng\u00e0y c\u1ee7a ch\u01b0\u01a1ng tr\u00ecnh tu t\u1eadp g\u1ed3m c\u00f3 nh\u1eefng g\u00ec ?<\/h2>\n\n\n\n<p>Ch\u01b0\u01a1ng tr\u00ecnh tu t\u1eadp c\u1ee7a t\u0103ng \u0111o\u00e0n bao g\u1ed3m nhi\u1ec1u ho\u1ea1t \u0111\u1ed9ng to\u00e0n di\u1ec7n v\u1ec1 m\u1ecdi m\u1eb7t gi\u00fap cho th\u1ec3 l\u1ef1c kh\u1ecfe m\u1ea1nh, tinh th\u1ea7n minh m\u1eabn v\u00e0 chuy\u1ec3n h\u00f3a t\u00e2m linh. M\u1ed7i ng\u00e0y, t\u0103ng \u0111o\u00e0n t\u1eadp luy\u1ec7n c\u00e1c m\u00f4n th\u1ec3 d\u1ee5c nh\u01b0 T\u00e0i Chi, Yoga, \u0111i b\u1ed9.. ng\u1ed3i thi\u1ec1n, tr\u00ec t\u1ee5ng ch\u00fa, l\u1ea1y s\u00e1m h\u1ed1i, h\u1ecdc ph\u00e1p, chia s\u1ebb   gi\u00e1o l\u00fd v\u00e0 h\u1ecdc nh\u00f3m.<\/p>\n\n\n\n<p>Ngo\u00e0i c\u00e1c ho\u1ea1t \u0111\u1ed9ng tr\u00ean, m\u1ed7i th\u00e0nh vi\u00ean c\u1ee7a t\u0103ng \u0111o\u00e0n \u0111\u1ec1u t\u1eadn t\u00e2m g\u00ecn gi\u1eef 10 gi\u1edbi lu\u1eadt, duy tr\u00ec \u0111\u1ee9c h\u1ea1nh c\u1ee7a m\u1ed9t t\u0103ng ni t\u1eadp s\u1ef1, th\u1ef1c h\u00e0nh s\u1ef1 im l\u1eb7ng trong ch\u00e1nh ni\u1ec7m v\u00e0 nu\u00f4i d\u01b0\u1ee1ng m\u1ed9t \u00fd th\u1ee9c v\u1ec1 c\u1ed9ng \u0111\u1ed3ng qua t\u00ecnh huynh \u0111\u1ec7 v\u00e0 t\u1ef7 mu\u1ed9i th\u1eadt h\u00e0i h\u00f2a, \u0111\u1ea7y c\u1ea3m th\u00f4ng.<\/p>\n<\/div>\n<\/div>\n\n\n\n<div class=\"wp-block-column is-layout-flow wp-block-column-is-layout-flow\">\n<div class=\"wp-block-group is-layout-flow wp-block-group-is-layout-flow\" style=\"border-top-color:var(--wp--preset--color--accent-6);border-top-width:1px;padding-top:var(--wp--preset--spacing--30);padding-bottom:var(--wp--preset--spacing--30)\">\n<h2 class=\"wp-block-heading\">T\u00f4i kh\u00f4ng ng\u1ed3i x\u1ebfp b\u1eb1ng l\u00e2u \u0111\u01b0\u1ee3c, v\u1eady t\u00f4i c\u00f3 th\u1ec3 ng\u1ed3i tr\u00ean gh\u1ebf khi ch\u00e2n \u0111au kh\u00f4ng ?<\/h2>\n\n\n\n<p>C\u00f3, b\u1ea1n \u0111\u01b0\u1ee3c to\u00e0n quy\u1ec1n s\u1eed d\u1ee5ng gh\u1ebf. Gh\u1ebf lu\u00f4n c\u00f3 s\u1eb5n trong kh\u00f3a tu, cho d\u00f9 l\u00fac ng\u1ed3i thi\u1ec1n, c\u00e1c bu\u1ed5i gi\u1ea3ng ph\u00e1p hay trong l\u1ec5 Mandala. Tuy nhi\u00ean, t\u1ed1t nh\u1ea5t b\u1ea1n n\u00ean ch\u1ecdn gi\u1eefa ng\u1ed3i tr\u00ean s\u00e0n nh\u00e0 ho\u1eb7c tr\u00ean gh\u1ebf tr\u01b0\u1edbc m\u1ed7i bu\u1ed5i thi\u1ec1n.<\/p>\n<\/div>\n<\/div>\n<\/div>\n\n\n\n<div class=\"wp-block-columns is-layout-flex wp-container-core-columns-is-layout-cbe57604 wp-block-columns-is-layout-flex\">\n<div class=\"wp-block-column is-layout-flow wp-block-column-is-layout-flow\">\n<div class=\"wp-block-group is-layout-flow wp-block-group-is-layout-flow\" style=\"border-top-color:var(--wp--preset--color--accent-6);border-top-width:1px;padding-top:var(--wp--preset--spacing--30);padding-bottom:var(--wp--preset--spacing--30)\">\n<h2 class=\"wp-block-heading\">Hi\u1ec7n t\u1ea1i t\u00f4i \u0111ang l\u00e0 m\u1ed9t ng\u01b0\u1eddi xu\u1ea5t gia, v\u1eady t\u00f4i c\u00f3 th\u1ec3 tham d\u1ef1 kh\u00f3a tu xu\u1ea5t gia v\u1ecb tha c\u1ee7a CSS kh\u00f4ng ?<\/h2>\n\n\n\n<p>V\u00e2ng, c\u00e1c ch\u01b0 t\u0103ng ni \u0111\u1ec1u \u0111\u01b0\u1ee3c hoan ngh\u00eanh tham gia v\u00e0o kh\u00f3a tu xu\u1ea5t gia v\u1ecb tha mi\u1ec5n l\u00e0 S\u01b0 Ph\u1ee5 c\u1ee7a ch\u01b0 v\u1ecb kh\u00f4ng ph\u1ea3n \u0111\u1ed1i.  C\u00e1c ch\u01b0 t\u0103ng ni s\u1ebd KH\u00d4NG c\u1ea7n ph\u1ea3i h\u1ecdc l\u1ea1i 10 gi\u1edbi v\u00ec c\u00e1c v\u1ecb \u0111\u00e3 \u0111\u01b0\u1ee3c th\u1ecd gi\u1edbi.<\/p>\n<\/div>\n<\/div>\n\n\n\n<div class=\"wp-block-column is-layout-flow wp-block-column-is-layout-flow\">\n<div class=\"wp-block-group is-layout-flow wp-block-group-is-layout-flow\" style=\"border-top-color:var(--wp--preset--color--accent-6);border-top-width:1px;padding-top:var(--wp--preset--spacing--30);padding-bottom:var(--wp--preset--spacing--30)\">\n<h2 class=\"wp-block-heading\">T\u00f4i c\u1ea7n ph\u1ea3i c\u1ea1o \u0111\u1ea7u kh\u00f4ng?<\/h2>\n\n\n\n<p>Yes, even though the program is temporary, members of the Altruistic Sangha are required to shave their heads. Shaving one&#8217;s head symbolizes letting go of attachments and embracing simplicity. It represents humility, equality, and a commitment to spiritual growth, as external appearances are set aside for inner enlightenment. This act honors tradition and initiates a journey of self-discovery and service to others.<\/p>\n<\/div>\n<\/div>\n<\/div>\n<\/div>\n<\/div>\n\n\n\n<div class=\"wp-block-group alignfull has-global-padding is-layout-constrained wp-container-core-group-is-layout-42da4b3f wp-block-group-is-layout-constrained\" style=\"margin-top:0;margin-bottom:0;padding-top:0;padding-bottom:0\">\n<div class=\"wp-block-group alignwide is-layout-flow wp-container-core-group-is-layout-d58a0413 wp-block-group-is-layout-flow\" style=\"padding-top:var(--wp--preset--spacing--50);padding-bottom:var(--wp--preset--spacing--50)\">\n<div class=\"wp-block-columns is-layout-flex wp-container-core-columns-is-layout-cbe57604 wp-block-columns-is-layout-flex\">\n<div class=\"wp-block-column is-layout-flow wp-block-column-is-layout-flow\">\n<div class=\"wp-block-group is-layout-flow wp-block-group-is-layout-flow\" style=\"border-top-color:var(--wp--preset--color--accent-6);border-top-width:1px;padding-top:var(--wp--preset--spacing--30);padding-bottom:var(--wp--preset--spacing--30)\">\n<h2 class=\"wp-block-heading\">T\u00f4i c\u00f3 c\u1ea7n ph\u1ea3i l\u00e0 m\u1ed9t Ph\u1eadt Gi\u00e1o kh\u00f4ng?<\/h2>\n\n\n\n<p>V\u00e2ng, Khi b\u1ea1n th\u1ecd 10 gi\u1edbi cho Sadi hay Sadini t\u1ee9c nhi\u00ean b\u1ea1n \u0111ang tr\u1edf th\u00e0nh m\u1ed9t Ph\u1eadt t\u1eed. V\u00e0 tr\u1edf th\u00e0nh m\u1ed9t Ph\u1eadt t\u1eed, t\u1ee9c c\u00f3 li\u00ean quan \u0111\u1ebfn vi\u1ec7c quy y v\u1edbi Ph\u1eadt, Ph\u00e1p v\u00e0 T\u0103ng, c\u00f2n c\u00f3 ngh\u0129a cho bi\u1ec3u t\u01b0\u1ee3ng c\u1ee7a s\u1ef1 cam k\u1ebft tr\u00ean c\u0103n b\u1ea3n v\u1ec1 Thi\u1ec7n, Ch\u00e2n v\u00e0 M\u1ef9. Ch\u01b0\u01a1ng tr\u00ecnh c\u1ee7a ch\u00fang t\u00f4i ch\u00e0o \u0111\u00f3n t\u1ea5t c\u1ea3 m\u1ecdi ng\u01b0\u1eddi t\u1eeb c\u00e1c t\u00f4n gi\u00e1o kh\u00e1c nhau, cho ph\u00e9p b\u1ea1n duy tr\u00ec \u0111\u1ee9c tin tr\u01b0\u1edbc \u0111\u00e2y c\u1ee7a b\u1ea1n, tr\u00ean \u0111i\u1ec1u ki\u1ec7n gi\u00e1o ph\u00e1p c\u1ee7a t\u00f4n gi\u00e1o \u0111\u00f3 kh\u00f4ng c\u00f3 s\u1ef1 m\u00e2u thu\u1eabn v\u1edbi ch\u01b0\u01a1ng tr\u00ecnh tu t\u1eadp Xu\u1ea5t Gia V\u1ecb Tha.<\/p>\n<\/div>\n<\/div>\n\n\n\n<div class=\"wp-block-column is-layout-flow wp-block-column-is-layout-flow\">\n<div class=\"wp-block-group is-layout-flow wp-block-group-is-layout-flow\" style=\"border-top-color:var(--wp--preset--color--accent-6);border-top-width:1px;padding-top:var(--wp--preset--spacing--30);padding-bottom:var(--wp--preset--spacing--30)\">\n<h2 class=\"wp-block-heading\">Kh\u00f3a tu t\u1eadp c\u00f3 mi\u1ec5n ph\u00ed kh\u00f4ng ?<\/h2>\n\n\n\n<p>Th\u01b0a kh\u00f4ng, b\u1ea1n c\u1ea7n \u0111\u00f3ng l\u1ec7 ph\u00ed \u0111\u1ec3 trang tr\u1ea1i ch\u1ed7 \u0103n, \u1edf v\u00e0 di chuy\u1ec3n.<\/p>\n<\/div>\n<\/div>\n<\/div>\n\n\n\n<div class=\"wp-block-columns is-layout-flex wp-container-core-columns-is-layout-cbe57604 wp-block-columns-is-layout-flex\">\n<div class=\"wp-block-column is-layout-flow wp-block-column-is-layout-flow\">\n<div class=\"wp-block-group is-layout-flow wp-block-group-is-layout-flow\" style=\"border-top-color:var(--wp--preset--color--accent-6);border-top-width:1px;padding-top:var(--wp--preset--spacing--30);padding-bottom:var(--wp--preset--spacing--30)\">\n<h2 class=\"wp-block-heading\">T\u00f4i c\u1ea7n ph\u1ea3i mang theo g\u00ec ?<\/h2>\n\n\n\n<p>B\u1ea1n s\u1ebd \u0111\u01b0\u1ee3c th\u00f4ng b\u00e1o r\u1ea5t th\u01b0\u1eddng xuy\u00ean v\u1ec1 nh\u1eefng th\u1ee9 c\u1ea7n ph\u1ea3i mang c\u0169ng nh\u01b0 nh\u1eefng \u0111i\u1ec1u c\u1ea7n bi\u1ebft \u0111\u1ec3 chu\u1ea9n b\u1ecb cho kh\u00f3a tu.<\/p>\n<\/div>\n<\/div>\n\n\n\n<div class=\"wp-block-column is-layout-flow wp-block-column-is-layout-flow\">\n<div class=\"wp-block-group is-layout-flow wp-block-group-is-layout-flow\" style=\"border-top-color:var(--wp--preset--color--accent-6);border-top-width:1px;padding-top:var(--wp--preset--spacing--30);padding-bottom:var(--wp--preset--spacing--30)\">\n<h2 class=\"wp-block-heading\">Ph\u1ea7n \u1ea9m th\u1ef1c ra sao? T\u00f4i \u0103n 3 b\u1eefa c\u00f3 \u0111\u01b0\u1ee3c kh\u00f4ng ?<\/h2>\n\n\n\n<p>B\u1ea1n c\u00f3 th\u1ec3 l\u1ef1a ch\u1ecdn \u0103n 3, 2 hay 1 b\u1eefa m\u1ed7i ng\u00e0y. Th\u1ee9c \u0103n s\u1ebd l\u00e0 \u0103n chay kh\u00f4ng c\u00f3 h\u00e0nh v\u00e0 t\u1ecfi.<\/p>\n<\/div>\n<\/div>\n<\/div>\n<\/div>\n<\/div>\n\n\n\n<div class=\"wp-block-group alignfull has-global-padding is-layout-constrained wp-block-group-is-layout-constrained\" style=\"margin-top:0;margin-bottom:0;padding-top:0;padding-bottom:0\">\n<div class=\"wp-block-group alignwide is-layout-flow wp-container-core-group-is-layout-ff56445e wp-block-group-is-layout-flow\" style=\"margin-top:0;margin-bottom:0;padding-top:0;padding-bottom:0\">\n<div class=\"wp-block-columns is-layout-flex wp-container-core-columns-is-layout-cbe57604 wp-block-columns-is-layout-flex\">\n<div class=\"wp-block-column is-layout-flow wp-block-column-is-layout-flow\">\n<div class=\"wp-block-group is-layout-flow wp-block-group-is-layout-flow\" style=\"border-top-color:var(--wp--preset--color--accent-6);border-top-width:1px;padding-top:var(--wp--preset--spacing--30);padding-bottom:var(--wp--preset--spacing--30)\">\n<h2 class=\"wp-block-heading\">T\u00f4i c\u00f3 c\u1ea7n \u0111\u1ecdc ch\u00fa b\u1eb1ng ti\u1ebfng Trung Hoa kh\u00f4ng ?<\/h2>\n\n\n\n<p>B\u1ea1n kh\u00f4ng nh\u1ea5t thi\u1ebft ph\u1ea3i t\u1ee5ng ch\u00fa b\u1eb1ng ti\u1ebfng Trung Hoa, tuy nhi\u00ean t\u1ee5ng ch\u00fa b\u1eb1ng ti\u1ebfng hoa r\u1ea5t d\u1ec5 h\u1ecdc, r\u1ea5t mau v\u00e0 s\u1ebd h\u00f2a theo s\u1ef1 t\u1ee5ng ch\u00fa c\u1ee7a t\u0103ng \u0111o\u00e0n v\u00e0 \u0111\u1ea1i ch\u00fang.<\/p>\n<\/div>\n<\/div>\n\n\n\n<div class=\"wp-block-column is-layout-flow wp-block-column-is-layout-flow\">\n<div class=\"wp-block-group is-layout-flow wp-block-group-is-layout-flow\" style=\"border-top-color:var(--wp--preset--color--accent-6);border-top-width:1px;padding-top:var(--wp--preset--spacing--30);padding-bottom:var(--wp--preset--spacing--30)\">\n<h2 class=\"wp-block-heading\">Kh\u00f3a tu h\u1ecdc lu\u00f4n v\u00e0o th\u1eddi gian n\u00e0o trong n\u0103m.<\/h2>\n\n\n\n<p>Th\u01b0\u1eddng th\u00ec v\u00e0o th\u1eddi gian cu\u1ed1i n\u0103m, th\u00e1ng 11 hay th\u00e1ng 12. Tuy nhi\u00ean n\u0103m 2025 kh\u00f3a tu h\u1ecdc s\u1ebd v\u00e0o th\u00e1ng 4. Th\u1eddi \u0111i\u1ec3m c\u1ee7a kh\u00f3a tu h\u1ecdc t\u00f9y thu\u1ed9c v\u00e0o \u0111i\u1ec3m h\u1ed9i TBPS m\u01b0\u1edbn convention center \u0111\u1ec3 l\u00e0m l\u1ec5 Mandala v\u00ec kh\u00f3a tu h\u1ecdc lu\u00f4n lu\u00f4n k\u1ebft th\u00fac b\u1eb1ng \u0111\u1ea1i l\u1ec5 Mandala.<\/p>\n<\/div>\n<\/div>\n<\/div>\n\n\n\n<div class=\"wp-block-columns is-layout-flex wp-container-core-columns-is-layout-cbe57604 wp-block-columns-is-layout-flex\">\n<div class=\"wp-block-column is-layout-flow wp-block-column-is-layout-flow\">\n<div class=\"wp-block-group is-layout-flow wp-block-group-is-layout-flow\" style=\"border-top-color:var(--wp--preset--color--accent-6);border-top-width:1px;padding-top:var(--wp--preset--spacing--30);padding-bottom:var(--wp--preset--spacing--30)\">\n<h2 class=\"wp-block-heading\">T\u00f4i c\u00f3 c\u1ea7n trong d\u00f2ng ph\u00e1i c\u1ee7a Th\u1ea7y H\u1eb1ng Tr\u01b0\u1eddng \u0111\u1ec3 tu t\u1eadp ph\u00e1p t\u1ee9 th\u1eadp nh\u1ecb th\u1ee7 nh\u00e3n ?<\/h2>\n\n\n\n<p>Quy y kh\u00f4ng c\u00f3 ngh\u0129a l\u00e0 quy y \u0111\u1ebfn m\u1ed9t v\u1ecb Th\u1ea7y n\u00e0o \u0111\u00f3, m\u00e0 \u0111\u00fang ra l\u00e0 quy y v\u1edbi Tam B\u1ea3o (Ph\u1eadt, Ph\u00e1p, T\u0103ng).<\/p>\n\n\n\n<p>Trong h\u1ec7 th\u1ed1ng gi\u00e1o d\u1ee5c v\u1ec1 t\u00e2m linh c\u1ee7a ch\u00fang t\u00f4i, gi\u00e1o ph\u00e1p Hoa Nghi\u00eam T\u1ee9 Th\u1eadp Nh\u1ecb Th\u1ee7 Nh\u00e3n lu\u00f4n \u0111\u00f3n nh\u1eadn t\u1ea5t c\u1ea3 nh\u01b0ng ai mu\u1ed1n h\u1ecdc h\u1ecfi v\u00e0 tu t\u1eadp gi\u00e1o ph\u00e1p n\u00e0y. Do \u0111\u00f3 khi \u0111\u00e3 ch\u1ecdn theo gi\u00e1o ph\u00e1p n\u00e0y, b\u1ea1n ch\u1ec9 c\u00f3 th\u1ec3 nh\u1eadn s\u1ef1 truy\u1ec1n th\u1eeba qua d\u00f2ng ph\u00e1i Quy Ng\u01b0\u1ee1ng c\u1ee7a ch\u00fang t\u00f4i m\u00e0 th\u00f4i.<\/p>\n<\/div>\n<\/div>\n\n\n\n<div class=\"wp-block-column is-layout-flow wp-block-column-is-layout-flow\">\n<div class=\"wp-block-group is-layout-flow wp-block-group-is-layout-flow\" style=\"border-top-color:var(--wp--preset--color--accent-6);border-top-width:1px;padding-top:var(--wp--preset--spacing--30);padding-bottom:var(--wp--preset--spacing--30)\">\n<h2 class=\"wp-block-heading\">L\u00e0m c\u00e1ch n\u00e0o \u0111\u1ec3 t\u00f4i b\u1ea3o tr\u1ee3 cho m\u1ed9t ng\u01b0\u1eddi tham d\u1ef1 kh\u00f3a tu m\u00e0 h\u1ecd kh\u00f4ng c\u00f3 kh\u1ea3 n\u0103ng t\u00e0i ch\u00e1nh ?<\/h2>\n\n\n\n<p>Gi\u00fap t\u00e0i ch\u00ednh cho m\u1ed9t ng\u01b0\u1eddi \u0111i tu c\u00f3 c\u00f4ng \u0111\u1ee9c v\u00f4 l\u01b0\u1ee3ng, B\u1ea1n c\u00f3 th\u1ec3 \u0111\u00f3ng g\u00f3p t\u1ecbnh t\u00e0i b\u1eb1ng c\u00e1ch li\u00ean l\u1ea1c v\u1edbi c\u00e1c v\u1ecb tr\u01b0\u1edfng nh\u00f3m XGVT c\u1ee7a \u0111\u1ecba ph\u01b0\u01a1ng b\u1ea1n c\u01b0 ng\u1ee5 hay li\u00ean l\u1ea1c v\u1edbi ch\u00fang t\u00f4i qua sangha@compassheart.net <a href=\"mailto:sangha@compassheart.net\">sangha@compassheart.net<\/a>.<\/p>\n<\/div>\n<\/div>\n<\/div>\n<\/div>\n<\/div>\n\n\n\n<div class=\"wp-block-group alignfull has-global-padding is-layout-constrained wp-block-group-is-layout-constrained\" style=\"margin-top:0;margin-bottom:0\">\n<div class=\"wp-block-group alignwide is-layout-flow wp-container-core-group-is-layout-0f55f37d wp-block-group-is-layout-flow\" style=\"padding-top:0;padding-bottom:0\">\n<div class=\"wp-block-columns is-layout-flex wp-container-core-columns-is-layout-cbe57604 wp-block-columns-is-layout-flex\">\n<div class=\"wp-block-column is-layout-flow wp-block-column-is-layout-flow\">\n<div class=\"wp-block-group is-layout-flow wp-block-group-is-layout-flow\" style=\"border-top-color:var(--wp--preset--color--accent-6);border-top-width:1px;padding-top:var(--wp--preset--spacing--30);padding-bottom:var(--wp--preset--spacing--30)\">\n<h2 class=\"wp-block-heading\">C\u00e1ch n\u00e0o h\u1eefu hi\u1ec7u nh\u1ea5t \u0111\u1ec3 gi\u1edbi thi\u1ec7u ch\u01b0\u01a1ng tr\u00ecnh XGVT \u0111\u1ebfn nh\u1eefng ng\u01b0\u1eddi m\u1edbi trong \u0111\u1ecba ph\u01b0\u01a1ng c\u1ee7a m\u00ecnh ?<\/h2>\n\n\n\n<p>H\u00e3y ch\u1ee7 \u0111\u1ed9ng v\u00e0 tr\u00f2 chuy\u1ec7n h\u1ecfi ng\u01b0\u1eddi th\u00e2n, b\u1ea1n b\u00e8  nh\u1eefng ng\u01b0\u1eddi m\u00e0 b\u1ea1n ngh\u0129 l\u00e0 h\u1ecd c\u00f3 s\u1ef1 tr\u01b0\u1edfng th\u00e0nh trong t\u00e2m linh, mu\u1ed1n c\u1ea3m nghi\u1ec7m v\u00e0 duy tr\u00ec truy\u1ec1n th\u1ed1ng cao \u0111\u1eb9p c\u1ee7a ng\u01b0\u1eddi xu\u1ea5t gia. M\u1ea1nh d\u1ea1n gi\u1edbi thi\u1ec7u ch\u01b0\u01a1ng tr\u00ecnh XGVT \u0111\u1ebfn nh\u1eefng ai \u0111ang khao kh\u00e1t s\u1ef1 khai m\u1edf c\u1ee7a con \u0111\u01b0\u1eddng B\u1ed3 T\u00e1t \u0110\u1ea1o.<\/p>\n<\/div>\n<\/div>\n\n\n\n<div class=\"wp-block-column is-layout-flow wp-block-column-is-layout-flow\"><\/div>\n<\/div>\n<\/div>\n<\/div>","protected":false},"excerpt":{"rendered":"<p>What distinguishes the Altruistic short-term Home-Leaving from temporary Buddhist monastic ordination? Short-term home-leaving is a cherished Buddhist tradition, widely practiced in countries like Thailand, Laos, and Cambodia. It offers laypeople the chance to be ordained for a brief period (about 1 to 2 weeks), allowing them to experience monastic life. Participants, both men and women, [&hellip;]<\/p>\n","protected":false},"author":1,"featured_media":0,"parent":0,"menu_order":0,"comment_status":"closed","ping_status":"closed","template":"","meta":{"footnotes":""},"class_list":["post-2426","page","type-page","status-publish","hentry"],"_links":{"self":[{"href":"https:\/\/the-thousand.com\/vn\/wp-json\/wp\/v2\/pages\/2426","targetHints":{"allow":["GET"]}}],"collection":[{"href":"https:\/\/the-thousand.com\/vn\/wp-json\/wp\/v2\/pages"}],"about":[{"href":"https:\/\/the-thousand.com\/vn\/wp-json\/wp\/v2\/types\/page"}],"author":[{"embeddable":true,"href":"https:\/\/the-thousand.com\/vn\/wp-json\/wp\/v2\/users\/1"}],"replies":[{"embeddable":true,"href":"https:\/\/the-thousand.com\/vn\/wp-json\/wp\/v2\/comments?post=2426"}],"version-history":[{"count":14,"href":"https:\/\/the-thousand.com\/vn\/wp-json\/wp\/v2\/pages\/2426\/revisions"}],"predecessor-version":[{"id":2595,"href":"https:\/\/the-thousand.com\/vn\/wp-json\/wp\/v2\/pages\/2426\/revisions\/2595"}],"wp:attachment":[{"href":"https:\/\/the-thousand.com\/vn\/wp-json\/wp\/v2\/media?parent=2426"}],"curies":[{"name":"wp","href":"https:\/\/api.w.org\/{rel}","templated":true}]}}